{"id":37,"date":"2020-07-02T15:51:44","date_gmt":"2020-07-02T13:51:44","guid":{"rendered":"https:\/\/neu.kwidmerwerbung.ch\/?page_id=37"},"modified":"2020-07-08T15:17:06","modified_gmt":"2020-07-08T13:17:06","slug":"ueber-uns","status":"publish","type":"page","link":"https:\/\/neu.kwidmerwerbung.ch\/","title":{"rendered":"\u00dcber uns"},"content":{"rendered":"\t\t<div data-elementor-type=\"wp-page\" data-elementor-id=\"37\" class=\"elementor elementor-37\" data-elementor-settings=\"[]\">\n\t\t\t\t\t\t<div class=\"elementor-inner\">\n\t\t\t\t\t\t\t<div class=\"elementor-section-wrap\">\n\t\t\t\t\t\t\t<section class=\"elementor-section elementor-top-section elementor-element elementor-element-291098c elementor-section-boxed elementor-section-height-default elementor-section-height-default\" data-id=\"291098c\" data-element_type=\"section\">\n\t\t\t\t\t\t<div class=\"elementor-container elementor-column-gap-default\">\n\t\t\t\t\t\t\t<div class=\"elementor-row\">\n\t\t\t\t\t<div class=\"elementor-column elementor-col-100 elementor-top-column elementor-element elementor-element-b7b2ddf\" data-id=\"b7b2ddf\" data-element_type=\"column\">\n\t\t\t<div class=\"elementor-column-wrap elementor-element-populated\">\n\t\t\t\t\t\t\t<div class=\"elementor-widget-wrap\">\n\t\t\t\t\t\t<div class=\"elementor-element elementor-element-dab5d22 elementor-widget elementor-widget-image\" data-id=\"dab5d22\" data-element_type=\"widget\" data-widget_type=\"image.default\">\n\t\t\t\t<div class=\"elementor-widget-container\">\n\t\t\t\t\t<div class=\"elementor-image\">\n\t\t\t\t\t\t\t\t\t\t<img width=\"800\" height=\"270\" src=\"https:\/\/neu.kwidmerwerbung.ch\/wp-content\/uploads\/2020\/07\/Banner-1024x346.png\" class=\"attachment-large size-large\" alt=\"\" loading=\"lazy\" srcset=\"https:\/\/neu.kwidmerwerbung.ch\/wp-content\/uploads\/2020\/07\/Banner-1024x346.png 1024w, https:\/\/neu.kwidmerwerbung.ch\/wp-content\/uploads\/2020\/07\/Banner-300x101.png 300w, https:\/\/neu.kwidmerwerbung.ch\/wp-content\/uploads\/2020\/07\/Banner-768x260.png 768w, https:\/\/neu.kwidmerwerbung.ch\/wp-content\/uploads\/2020\/07\/Banner-1536x520.png 1536w, https:\/\/neu.kwidmerwerbung.ch\/wp-content\/uploads\/2020\/07\/Banner-2048x693.png 2048w\" sizes=\"(max-width: 800px) 100vw, 800px\" \/>\t\t\t\t\t\t\t\t\t\t\t<\/div>\n\t\t\t\t<\/div>\n\t\t\t\t<\/div>\n\t\t\t\t<div class=\"elementor-element elementor-element-cd97068 elementor-widget__width-initial elementor-absolute elementor-widget-tablet__width-initial elementor-widget-mobile__width-initial elementor-widget elementor-widget-heading\" data-id=\"cd97068\" data-element_type=\"widget\" data-settings=\"{&quot;_position&quot;:&quot;absolute&quot;}\" data-widget_type=\"heading.default\">\n\t\t\t\t<div class=\"elementor-widget-container\">\n\t\t\t<h2 class=\"elementor-heading-title elementor-size-large\">F\u00fcr Kompetenz, Flexibilit\u00e4t und Zuverl\u00e4ssigkeit b\u00fcrge ich pers\u00f6nlich.<\/h2>\t\t<\/div>\n\t\t\t\t<\/div>\n\t\t\t\t\t\t<\/div>\n\t\t\t\t\t<\/div>\n\t\t<\/div>\n\t\t\t\t\t\t\t\t<\/div>\n\t\t\t\t\t<\/div>\n\t\t<\/section>\n\t\t\t\t<section class=\"elementor-section elementor-top-section elementor-element elementor-element-cbdf4f2 elementor-section-boxed elementor-section-height-default elementor-section-height-default\" data-id=\"cbdf4f2\" data-element_type=\"section\">\n\t\t\t\t\t\t<div class=\"elementor-container elementor-column-gap-default\">\n\t\t\t\t\t\t\t<div class=\"elementor-row\">\n\t\t\t\t\t<div class=\"elementor-column elementor-col-33 elementor-top-column elementor-element elementor-element-44b410a\" data-id=\"44b410a\" data-element_type=\"column\">\n\t\t\t<div class=\"elementor-column-wrap elementor-element-populated\">\n\t\t\t\t\t\t\t<div class=\"elementor-widget-wrap\">\n\t\t\t\t\t\t<div class=\"elementor-element elementor-element-d8ba9a4 elementor-widget elementor-widget-heading\" data-id=\"d8ba9a4\" data-element_type=\"widget\" data-widget_type=\"heading.default\">\n\t\t\t\t<div class=\"elementor-widget-container\">\n\t\t\t<h2 class=\"elementor-heading-title elementor-size-default\">\u00dcber uns<\/h2>\t\t<\/div>\n\t\t\t\t<\/div>\n\t\t\t\t\t\t<\/div>\n\t\t\t\t\t<\/div>\n\t\t<\/div>\n\t\t\t\t<div class=\"elementor-column elementor-col-66 elementor-top-column elementor-element elementor-element-244785d\" data-id=\"244785d\" data-element_type=\"column\">\n\t\t\t<div class=\"elementor-column-wrap\">\n\t\t\t\t\t\t\t<div class=\"elementor-widget-wrap\">\n\t\t\t\t\t\t\t\t<\/div>\n\t\t\t\t\t<\/div>\n\t\t<\/div>\n\t\t\t\t\t\t\t\t<\/div>\n\t\t\t\t\t<\/div>\n\t\t<\/section>\n\t\t\t\t<section class=\"elementor-section elementor-top-section elementor-element elementor-element-fe8035e elementor-section-boxed elementor-section-height-default elementor-section-height-default\" data-id=\"fe8035e\" data-element_type=\"section\">\n\t\t\t\t\t\t<div class=\"elementor-container elementor-column-gap-default\">\n\t\t\t\t\t\t\t<div class=\"elementor-row\">\n\t\t\t\t\t<div class=\"elementor-column elementor-col-33 elementor-top-column elementor-element elementor-element-2db4963\" data-id=\"2db4963\" data-element_type=\"column\">\n\t\t\t<div class=\"elementor-column-wrap elementor-element-populated\">\n\t\t\t\t\t\t\t<div class=\"elementor-widget-wrap\">\n\t\t\t\t\t\t<div class=\"elementor-element elementor-element-503b9b0 elementor-widget elementor-widget-image\" data-id=\"503b9b0\" data-element_type=\"widget\" data-widget_type=\"image.default\">\n\t\t\t\t<div class=\"elementor-widget-container\">\n\t\t\t\t\t<div class=\"elementor-image\">\n\t\t\t\t\t\t\t\t\t\t<img width=\"800\" height=\"903\" src=\"https:\/\/neu.kwidmerwerbung.ch\/wp-content\/uploads\/2020\/07\/Karin.png\" class=\"attachment-large size-large\" alt=\"\" loading=\"lazy\" srcset=\"https:\/\/neu.kwidmerwerbung.ch\/wp-content\/uploads\/2020\/07\/Karin.png 837w, https:\/\/neu.kwidmerwerbung.ch\/wp-content\/uploads\/2020\/07\/Karin-266x300.png 266w, https:\/\/neu.kwidmerwerbung.ch\/wp-content\/uploads\/2020\/07\/Karin-768x867.png 768w\" sizes=\"(max-width: 800px) 100vw, 800px\" \/>\t\t\t\t\t\t\t\t\t\t\t<\/div>\n\t\t\t\t<\/div>\n\t\t\t\t<\/div>\n\t\t\t\t\t\t<\/div>\n\t\t\t\t\t<\/div>\n\t\t<\/div>\n\t\t\t\t<div class=\"elementor-column elementor-col-66 elementor-top-column elementor-element elementor-element-216e8b8\" data-id=\"216e8b8\" data-element_type=\"column\">\n\t\t\t<div class=\"elementor-column-wrap elementor-element-populated\">\n\t\t\t\t\t\t\t<div class=\"elementor-widget-wrap\">\n\t\t\t\t\t\t<div class=\"elementor-element elementor-element-93dc1b0 elementor-widget elementor-widget-text-editor\" data-id=\"93dc1b0\" data-element_type=\"widget\" data-widget_type=\"text-editor.default\">\n\t\t\t\t<div class=\"elementor-widget-container\">\n\t\t\t\t\t<div class=\"elementor-text-editor elementor-clearfix\"><p>Seit 2003 f\u00fchre ich die KARIN WIDMER Werbeberatung GmbH in Wollerau als inhaberingef\u00fchrtes Kommunikationsunternehmen. Wir sind ein kleines, engagiertes Team,\u00a0das je nach den besonderen Anforderungen mit einem eingespielten Netzwerk an freien Spezialisten verschiedenster Bereiche erg\u00e4nzt wird. So k\u00f6nnen wir sicherstellen, dass wir von der Beratung \u00fcber die Umsetzung bis zur fertigen Realisation alles aus einer Hand anbieten k\u00f6nnen.<\/p><p>Dank unserer \u00fcberschaubaren Gr\u00f6sse sind wir sehr flexibel und k\u00f6nnen Leistungspakete genau nach Mass anbieten \u2013 immer abgestimmt auf die Bed\u00fcrfnisse unserer Kunden und des einzelnen Auftrages.<\/p><p>Mit einem von der Inhaberin pers\u00f6nlich gef\u00fchrten Unternehmen ist sichergestellt, dass Sie nicht mit h\u00e4ufig wechselnden Kontaktpersonen alles neu erkl\u00e4ren m\u00fcssen. Der pers\u00f6nliche Kundenkontakt ist f\u00fcr uns absolut entscheidend. Denn dies hat uns die Erfahrung klar bewiesen: Je besser man den Kunden und sein Unternehmen kennt, desto sicherer finden wir die L\u00f6sung \u201egenau auf dem Punkt\u201c.<\/p><\/div>\n\t\t\t\t<\/div>\n\t\t\t\t<\/div>\n\t\t\t\t\t\t<\/div>\n\t\t\t\t\t<\/div>\n\t\t<\/div>\n\t\t\t\t\t\t\t\t<\/div>\n\t\t\t\t\t<\/div>\n\t\t<\/section>\n\t\t\t\t\t\t<\/div>\n\t\t\t\t\t\t<\/div>\n\t\t\t\t\t<\/div>\n\t\t","protected":false},"excerpt":{"rendered":"<p>F\u00fcr Kompetenz, Flexibilit\u00e4t und Zuverl\u00e4ssigkeit b\u00fcrge ich pers\u00f6nlich. \u00dcber uns Seit 2003 f\u00fchre ich die KARIN WIDMER Werbeberatung GmbH in Wollerau als inhaberingef\u00fchrtes Kommunikationsunternehmen. Wir sind ein kleines, engagiertes Team,\u00a0das je nach den besonderen Anforderungen mit einem eingespielten Netzwerk an freien Spezialisten verschiedenster Bereiche erg\u00e4nzt wird. So k\u00f6nnen wir sicherstellen, dass wir von der Beratung [&hellip;]<\/p>\n","protected":false},"author":1,"featured_media":0,"parent":0,"menu_order":0,"comment_status":"closed","ping_status":"closed","template":"elementor_header_footer","meta":[],"_links":{"self":[{"href":"https:\/\/neu.kwidmerwerbung.ch\/index.php\/wp-json\/wp\/v2\/pages\/37"}],"collection":[{"href":"https:\/\/neu.kwidmerwerbung.ch\/index.php\/wp-json\/wp\/v2\/pages"}],"about":[{"href":"https:\/\/neu.kwidmerwerbung.ch\/index.php\/wp-json\/wp\/v2\/types\/page"}],"author":[{"embeddable":true,"href":"https:\/\/neu.kwidmerwerbung.ch\/index.php\/wp-json\/wp\/v2\/users\/1"}],"replies":[{"embeddable":true,"href":"https:\/\/neu.kwidmerwerbung.ch\/index.php\/wp-json\/wp\/v2\/comments?post=37"}],"version-history":[{"count":17,"href":"https:\/\/neu.kwidmerwerbung.ch\/index.php\/wp-json\/wp\/v2\/pages\/37\/revisions"}],"predecessor-version":[{"id":95,"href":"https:\/\/neu.kwidmerwerbung.ch\/index.php\/wp-json\/wp\/v2\/pages\/37\/revisions\/95"}],"wp:attachment":[{"href":"https:\/\/neu.kwidmerwerbung.ch\/index.php\/wp-json\/wp\/v2\/media?parent=37"}],"curies":[{"name":"wp","href":"https:\/\/api.w.org\/{rel}","templated":true}]}}