{"id":82,"date":"2020-07-08T14:58:39","date_gmt":"2020-07-08T12:58:39","guid":{"rendered":"https:\/\/neu.kwidmerwerbung.ch\/?page_id=82"},"modified":"2020-07-08T15:04:36","modified_gmt":"2020-07-08T13:04:36","slug":"philosophie","status":"publish","type":"page","link":"https:\/\/neu.kwidmerwerbung.ch\/index.php\/philosophie\/","title":{"rendered":"Philosophie"},"content":{"rendered":"\t\t<div data-elementor-type=\"wp-page\" data-elementor-id=\"82\" class=\"elementor elementor-82\" data-elementor-settings=\"[]\">\n\t\t\t\t\t\t<div class=\"elementor-inner\">\n\t\t\t\t\t\t\t<div class=\"elementor-section-wrap\">\n\t\t\t\t\t\t\t<section class=\"elementor-section elementor-top-section elementor-element elementor-element-694e1bb elementor-section-boxed elementor-section-height-default elementor-section-height-default\" data-id=\"694e1bb\" data-element_type=\"section\">\n\t\t\t\t\t\t<div class=\"elementor-container elementor-column-gap-default\">\n\t\t\t\t\t\t\t<div class=\"elementor-row\">\n\t\t\t\t\t<div class=\"elementor-column elementor-col-100 elementor-top-column elementor-element elementor-element-4ba3ef40\" data-id=\"4ba3ef40\" data-element_type=\"column\">\n\t\t\t<div class=\"elementor-column-wrap elementor-element-populated\">\n\t\t\t\t\t\t\t<div class=\"elementor-widget-wrap\">\n\t\t\t\t\t\t<div class=\"elementor-element elementor-element-245ea38c elementor-widget elementor-widget-image\" data-id=\"245ea38c\" data-element_type=\"widget\" data-widget_type=\"image.default\">\n\t\t\t\t<div class=\"elementor-widget-container\">\n\t\t\t\t\t<div class=\"elementor-image\">\n\t\t\t\t\t\t\t\t\t\t<img width=\"800\" height=\"270\" src=\"https:\/\/neu.kwidmerwerbung.ch\/wp-content\/uploads\/2020\/07\/Banner-1024x346.png\" class=\"attachment-large size-large\" alt=\"\" loading=\"lazy\" srcset=\"https:\/\/neu.kwidmerwerbung.ch\/wp-content\/uploads\/2020\/07\/Banner-1024x346.png 1024w, https:\/\/neu.kwidmerwerbung.ch\/wp-content\/uploads\/2020\/07\/Banner-300x101.png 300w, https:\/\/neu.kwidmerwerbung.ch\/wp-content\/uploads\/2020\/07\/Banner-768x260.png 768w, https:\/\/neu.kwidmerwerbung.ch\/wp-content\/uploads\/2020\/07\/Banner-1536x520.png 1536w, https:\/\/neu.kwidmerwerbung.ch\/wp-content\/uploads\/2020\/07\/Banner-2048x693.png 2048w\" sizes=\"(max-width: 800px) 100vw, 800px\" \/>\t\t\t\t\t\t\t\t\t\t\t<\/div>\n\t\t\t\t<\/div>\n\t\t\t\t<\/div>\n\t\t\t\t<div class=\"elementor-element elementor-element-2b425411 elementor-widget__width-initial elementor-absolute elementor-widget-tablet__width-initial elementor-widget-mobile__width-initial elementor-widget elementor-widget-heading\" data-id=\"2b425411\" data-element_type=\"widget\" data-settings=\"{&quot;_position&quot;:&quot;absolute&quot;}\" data-widget_type=\"heading.default\">\n\t\t\t\t<div class=\"elementor-widget-container\">\n\t\t\t<h2 class=\"elementor-heading-title elementor-size-large\">Dass wir mitdenken d\u00fcrfen, f\u00fchrt zur besseren L\u00f6sung.<\/h2>\t\t<\/div>\n\t\t\t\t<\/div>\n\t\t\t\t\t\t<\/div>\n\t\t\t\t\t<\/div>\n\t\t<\/div>\n\t\t\t\t\t\t\t\t<\/div>\n\t\t\t\t\t<\/div>\n\t\t<\/section>\n\t\t\t\t<section class=\"elementor-section elementor-top-section elementor-element elementor-element-7309b337 elementor-section-boxed elementor-section-height-default elementor-section-height-default\" data-id=\"7309b337\" data-element_type=\"section\">\n\t\t\t\t\t\t<div class=\"elementor-container elementor-column-gap-default\">\n\t\t\t\t\t\t\t<div class=\"elementor-row\">\n\t\t\t\t\t<div class=\"elementor-column elementor-col-33 elementor-top-column elementor-element elementor-element-7cb84988\" data-id=\"7cb84988\" data-element_type=\"column\">\n\t\t\t<div class=\"elementor-column-wrap elementor-element-populated\">\n\t\t\t\t\t\t\t<div class=\"elementor-widget-wrap\">\n\t\t\t\t\t\t<div class=\"elementor-element elementor-element-1ae51dd2 elementor-widget elementor-widget-heading\" data-id=\"1ae51dd2\" data-element_type=\"widget\" data-widget_type=\"heading.default\">\n\t\t\t\t<div class=\"elementor-widget-container\">\n\t\t\t<h2 class=\"elementor-heading-title elementor-size-default\">Philosophie<\/h2>\t\t<\/div>\n\t\t\t\t<\/div>\n\t\t\t\t\t\t<\/div>\n\t\t\t\t\t<\/div>\n\t\t<\/div>\n\t\t\t\t<div class=\"elementor-column elementor-col-66 elementor-top-column elementor-element elementor-element-11cc7da9\" data-id=\"11cc7da9\" data-element_type=\"column\">\n\t\t\t<div class=\"elementor-column-wrap\">\n\t\t\t\t\t\t\t<div class=\"elementor-widget-wrap\">\n\t\t\t\t\t\t\t\t<\/div>\n\t\t\t\t\t<\/div>\n\t\t<\/div>\n\t\t\t\t\t\t\t\t<\/div>\n\t\t\t\t\t<\/div>\n\t\t<\/section>\n\t\t\t\t<section class=\"elementor-section elementor-top-section elementor-element elementor-element-13f5fc1e elementor-section-boxed elementor-section-height-default elementor-section-height-default\" data-id=\"13f5fc1e\" data-element_type=\"section\">\n\t\t\t\t\t\t<div class=\"elementor-container elementor-column-gap-default\">\n\t\t\t\t\t\t\t<div class=\"elementor-row\">\n\t\t\t\t\t<div class=\"elementor-column elementor-col-33 elementor-top-column elementor-element elementor-element-62375388\" data-id=\"62375388\" data-element_type=\"column\">\n\t\t\t<div class=\"elementor-column-wrap elementor-element-populated\">\n\t\t\t\t\t\t\t<div class=\"elementor-widget-wrap\">\n\t\t\t\t\t\t<div class=\"elementor-element elementor-element-57f53ec1 elementor-widget elementor-widget-image\" data-id=\"57f53ec1\" data-element_type=\"widget\" data-widget_type=\"image.default\">\n\t\t\t\t<div class=\"elementor-widget-container\">\n\t\t\t\t\t<div class=\"elementor-image\">\n\t\t\t\t\t\t\t\t\t\t<img width=\"800\" height=\"903\" src=\"https:\/\/neu.kwidmerwerbung.ch\/wp-content\/uploads\/2020\/07\/Philosophie-2.png\" class=\"attachment-large size-large\" alt=\"\" loading=\"lazy\" srcset=\"https:\/\/neu.kwidmerwerbung.ch\/wp-content\/uploads\/2020\/07\/Philosophie-2.png 837w, https:\/\/neu.kwidmerwerbung.ch\/wp-content\/uploads\/2020\/07\/Philosophie-2-266x300.png 266w, https:\/\/neu.kwidmerwerbung.ch\/wp-content\/uploads\/2020\/07\/Philosophie-2-768x867.png 768w\" sizes=\"(max-width: 800px) 100vw, 800px\" \/>\t\t\t\t\t\t\t\t\t\t\t<\/div>\n\t\t\t\t<\/div>\n\t\t\t\t<\/div>\n\t\t\t\t\t\t<\/div>\n\t\t\t\t\t<\/div>\n\t\t<\/div>\n\t\t\t\t<div class=\"elementor-column elementor-col-66 elementor-top-column elementor-element elementor-element-4fc25544\" data-id=\"4fc25544\" data-element_type=\"column\">\n\t\t\t<div class=\"elementor-column-wrap elementor-element-populated\">\n\t\t\t\t\t\t\t<div class=\"elementor-widget-wrap\">\n\t\t\t\t\t\t<div class=\"elementor-element elementor-element-59583403 elementor-widget elementor-widget-text-editor\" data-id=\"59583403\" data-element_type=\"widget\" data-widget_type=\"text-editor.default\">\n\t\t\t\t<div class=\"elementor-widget-container\">\n\t\t\t\t\t<div class=\"elementor-text-editor elementor-clearfix\"><p>Eine wichtige Spezialit\u00e4t sehen wir in der individuellen, sehr pers\u00f6nlichen Betreuung unserer Kunden. Dass wir bei allen Aufgabestellungen aktiv mitdenken, sch\u00e4tzen diese. Wir legen besonderen Wert auf eine unkomplizierte, schnelle und zuverl\u00e4ssige Projektabwicklung. Professionalit\u00e4t und Qualit\u00e4t sind f\u00fcr uns hohe Werte. Dies beweisen wir gerne t\u00e4glich, indem wir Termine, Budgets und Ziele sehr genau einhalten. Als besondere Tugend attestieren uns die Kunden auch unsere Genauigkeit\u2013 was wir eben nicht als Nebensache betrachten.<\/p><p>Wenn wir etwas anpacken, tun wir dies mit Begeisterung, unserem ganzen Einsatz und viel Herzblut. Es w\u00fcrde mich freuen, auch Ihr Vertrauen gewinnen zu k\u00f6nnen.<\/p><\/div>\n\t\t\t\t<\/div>\n\t\t\t\t<\/div>\n\t\t\t\t\t\t<\/div>\n\t\t\t\t\t<\/div>\n\t\t<\/div>\n\t\t\t\t\t\t\t\t<\/div>\n\t\t\t\t\t<\/div>\n\t\t<\/section>\n\t\t\t\t\t\t<\/div>\n\t\t\t\t\t\t<\/div>\n\t\t\t\t\t<\/div>\n\t\t","protected":false},"excerpt":{"rendered":"<p>Dass wir mitdenken d\u00fcrfen, f\u00fchrt zur besseren L\u00f6sung. Philosophie Eine wichtige Spezialit\u00e4t sehen wir in der individuellen, sehr pers\u00f6nlichen Betreuung unserer Kunden. Dass wir bei allen Aufgabestellungen aktiv mitdenken, sch\u00e4tzen diese. Wir legen besonderen Wert auf eine unkomplizierte, schnelle und zuverl\u00e4ssige Projektabwicklung. Professionalit\u00e4t und Qualit\u00e4t sind f\u00fcr uns hohe Werte. Dies beweisen wir gerne t\u00e4glich, [&hellip;]<\/p>\n","protected":false},"author":1,"featured_media":0,"parent":0,"menu_order":0,"comment_status":"closed","ping_status":"closed","template":"elementor_header_footer","meta":[],"_links":{"self":[{"href":"https:\/\/neu.kwidmerwerbung.ch\/index.php\/wp-json\/wp\/v2\/pages\/82"}],"collection":[{"href":"https:\/\/neu.kwidmerwerbung.ch\/index.php\/wp-json\/wp\/v2\/pages"}],"about":[{"href":"https:\/\/neu.kwidmerwerbung.ch\/index.php\/wp-json\/wp\/v2\/types\/page"}],"author":[{"embeddable":true,"href":"https:\/\/neu.kwidmerwerbung.ch\/index.php\/wp-json\/wp\/v2\/users\/1"}],"replies":[{"embeddable":true,"href":"https:\/\/neu.kwidmerwerbung.ch\/index.php\/wp-json\/wp\/v2\/comments?post=82"}],"version-history":[{"count":5,"href":"https:\/\/neu.kwidmerwerbung.ch\/index.php\/wp-json\/wp\/v2\/pages\/82\/revisions"}],"predecessor-version":[{"id":87,"href":"https:\/\/neu.kwidmerwerbung.ch\/index.php\/wp-json\/wp\/v2\/pages\/82\/revisions\/87"}],"wp:attachment":[{"href":"https:\/\/neu.kwidmerwerbung.ch\/index.php\/wp-json\/wp\/v2\/media?parent=82"}],"curies":[{"name":"wp","href":"https:\/\/api.w.org\/{rel}","templated":true}]}}